{"id":2307,"date":"2024-01-02T10:37:37","date_gmt":"2021-03-05T17:38:57","guid":{"rendered":"https:\/\/djimn.com\/index.php\/contact-us\/"},"modified":"2025-09-19T16:34:19","modified_gmt":"2025-09-19T14:34:19","slug":"contact-us","status":"publish","type":"page","link":"https:\/\/djimn.com\/index.php\/contact-us\/","title":{"rendered":"\u00bfHablamos?"},"content":{"rendered":"\r\n<div class=\"wp-block-cover alignwide is-light is-position-center-center\" style=\"min-height: 375px;aspect-ratio:unset;\"><img data-recalc-dims=\"1\" fetchpriority=\"high\" decoding=\"async\" class=\"wp-block-cover__image-background  alignnone wp-image-3066 \" style=\"object-position: 40% 26%;\" src=\"https:\/\/i0.wp.com\/djimn.com\/wp-content\/uploads\/2025\/02\/vsthemes-org17.jpg?resize=551%2C367&#038;ssl=1\" alt=\"\" width=\"551\" height=\"367\" data-object-fit=\"cover\" data-object-position=\"40% 26%\" srcset=\"https:\/\/i0.wp.com\/djimn.com\/wp-content\/uploads\/2025\/02\/vsthemes-org17.jpg?resize=300%2C200&amp;ssl=1 300w, https:\/\/i0.wp.com\/djimn.com\/wp-content\/uploads\/2025\/02\/vsthemes-org17.jpg?resize=1024%2C683&amp;ssl=1 1024w, https:\/\/i0.wp.com\/djimn.com\/wp-content\/uploads\/2025\/02\/vsthemes-org17.jpg?resize=768%2C512&amp;ssl=1 768w, https:\/\/i0.wp.com\/djimn.com\/wp-content\/uploads\/2025\/02\/vsthemes-org17.jpg?resize=400%2C267&amp;ssl=1 400w, https:\/\/i0.wp.com\/djimn.com\/wp-content\/uploads\/2025\/02\/vsthemes-org17.jpg?resize=940%2C627&amp;ssl=1 940w, https:\/\/i0.wp.com\/djimn.com\/wp-content\/uploads\/2025\/02\/vsthemes-org17.jpg?w=1200&amp;ssl=1 1200w\" sizes=\"(max-width: 551px) 100vw, 551px\" \/>\r\n<div class=\"wp-block-cover__inner-container is-layout-flow wp-block-cover-is-layout-flow\"><\/div>\r\n<\/div>\r\n\r\n\r\n\r\n<h1 id=\"h-talk-to-a-human\" class=\"wp-block-heading alignfull has-text-align-center\">\u00bfHablamos?<\/h1>\r\n\r\n\r\n\r\n<p class=\"has-text-align-center has-medium-font-size\">Mi compromiso de que tu mensaje no ir\u00e1 directamente a la papelera o identificado como spam. Cu\u00e9ntame lo que quieras saber y me pondr\u00e9 en contacto contigo a la mayor brevedad<\/p>\r\n\r\n\r\n\r\n<div class=\"wp-block-columns is-layout-flex wp-container-core-columns-is-layout-9d6595d7 wp-block-columns-is-layout-flex\">\r\n<div class=\"wp-block-column is-layout-flow wp-block-column-is-layout-flow\" style=\"flex-basis: 33.33%;\">\r\n<h2 id=\"h-let-s-chat\" class=\"wp-block-heading alignfull has-text-align-center\">\u00a1Hablemos!<\/h2>\r\n\r\n\r\n\r\n<figure class=\"wp-block-image size-large\"><img data-recalc-dims=\"1\" decoding=\"async\" width=\"600\" height=\"600\" class=\"wp-image-2367\" src=\"https:\/\/i0.wp.com\/djimn.com\/wp-content\/uploads\/2021\/03\/animated-arrow-form.gif?resize=600%2C600&#038;ssl=1\" alt=\"\" \/><\/figure>\r\n<\/div>\r\n<div class=\"wp-block-column\" style=\"flex-basis: 66.66%;\"> <style id=\"wpforms-css-vars-2369\">\n\t\t\t\t#wpforms-2369 {\n\t\t\t\t\n\t\t\t}\n\t\t\t<\/style><div class=\"wpforms-container wpforms-container-full wpforms-render-modern\" id=\"wpforms-2369\"><form id=\"wpforms-form-2369\" class=\"wpforms-validate wpforms-form\" data-formid=\"2369\" method=\"post\" enctype=\"multipart\/form-data\" action=\"\/index.php\/wp-json\/wp\/v2\/pages\/2307\" data-token=\"b604c8f2be304572a68cf465c75650ca\" data-token-time=\"1776411820\"><noscript class=\"wpforms-error-noscript\">Please enable JavaScript in your browser to complete this form.<\/noscript><div id=\"wpforms-error-noscript\" style=\"display: none;\">Please enable JavaScript in your browser to complete this form.<\/div><div class=\"wpforms-field-container\"><div id=\"wpforms-2369-field_0-container\" class=\"wpforms-field wpforms-field-name\" data-field-id=\"0\"><fieldset><legend class=\"wpforms-field-label\">Nombre <span class=\"wpforms-required-label\" aria-hidden=\"true\">*<\/span><\/legend><div class=\"wpforms-field-row wpforms-field-large\"><div class=\"wpforms-field-row-block wpforms-first wpforms-one-half\"><input type=\"text\" id=\"wpforms-2369-field_0\" class=\"wpforms-field-name-first wpforms-field-required\" name=\"wpforms[fields][0][first]\" aria-errormessage=\"wpforms-2369-field_0-error\" required><label for=\"wpforms-2369-field_0\" class=\"wpforms-field-sublabel after\">First<\/label><\/div><div class=\"wpforms-field-row-block wpforms-one-half\"><input type=\"text\" id=\"wpforms-2369-field_0-last\" class=\"wpforms-field-name-last wpforms-field-required\" name=\"wpforms[fields][0][last]\" aria-errormessage=\"wpforms-2369-field_0-last-error\" required><label for=\"wpforms-2369-field_0-last\" class=\"wpforms-field-sublabel after\">Last<\/label><\/div><\/div><\/fieldset><\/div><div id=\"wpforms-2369-field_1-container\" class=\"wpforms-field wpforms-field-email\" data-field-id=\"1\"><label class=\"wpforms-field-label\" for=\"wpforms-2369-field_1\">Correo electr\u00f3nico <span class=\"wpforms-required-label\" aria-hidden=\"true\">*<\/span><\/label><input type=\"email\" id=\"wpforms-2369-field_1\" class=\"wpforms-field-large wpforms-field-required\" name=\"wpforms[fields][1]\" spellcheck=\"false\" aria-errormessage=\"wpforms-2369-field_1-error\" required><\/div><div id=\"wpforms-2369-field_2-container\" class=\"wpforms-field wpforms-field-textarea\" data-field-id=\"2\"><label class=\"wpforms-field-label\" for=\"wpforms-2369-field_2\">Comentario o mensaje <span class=\"wpforms-required-label\" aria-hidden=\"true\">*<\/span><\/label><textarea id=\"wpforms-2369-field_2\" class=\"wpforms-field-medium wpforms-field-required\" name=\"wpforms[fields][2]\" aria-errormessage=\"wpforms-2369-field_2-error\" required><\/textarea><\/div><\/div><!-- .wpforms-field-container --><div class=\"wpforms-submit-container\" ><input type=\"hidden\" name=\"wpforms[id]\" value=\"2369\"><input type=\"hidden\" name=\"page_title\" value=\"\"><input type=\"hidden\" name=\"page_url\" value=\"https:\/\/djimn.com\/index.php\/wp-json\/wp\/v2\/pages\/2307\"><input type=\"hidden\" name=\"url_referer\" value=\"\"><button type=\"submit\" name=\"wpforms[submit]\" id=\"wpforms-submit-2369\" class=\"wpforms-submit\" data-alt-text=\"Enviando...\" data-submit-text=\"Enviar\" aria-live=\"assertive\" value=\"wpforms-submit\">Enviar<\/button><\/div><\/form><\/div>  <!-- .wpforms-container --><\/div>\r\n<p>&nbsp;<\/p>\r\n<\/div>","protected":false},"excerpt":{"rendered":"<p>\u00bfHablamos? Mi compromiso de que tu mensaje no ir\u00e1 directamente a la papelera o identificado como spam. Cu\u00e9ntame lo que quieras saber y me pondr\u00e9 en contacto contigo a la mayor brevedad \u00a1Hablemos!<\/p>\n","protected":false},"author":1,"featured_media":0,"parent":0,"menu_order":2,"comment_status":"closed","ping_status":"closed","template":"","meta":{"_joinchat":[],"footnotes":""},"class_list":["post-2307","page","type-page","status-publish","hentry"],"jetpack_likes_enabled":true,"jetpack_sharing_enabled":true,"_links":{"self":[{"href":"https:\/\/djimn.com\/index.php\/wp-json\/wp\/v2\/pages\/2307","targetHints":{"allow":["GET"]}}],"collection":[{"href":"https:\/\/djimn.com\/index.php\/wp-json\/wp\/v2\/pages"}],"about":[{"href":"https:\/\/djimn.com\/index.php\/wp-json\/wp\/v2\/types\/page"}],"author":[{"embeddable":true,"href":"https:\/\/djimn.com\/index.php\/wp-json\/wp\/v2\/users\/1"}],"replies":[{"embeddable":true,"href":"https:\/\/djimn.com\/index.php\/wp-json\/wp\/v2\/comments?post=2307"}],"version-history":[{"count":10,"href":"https:\/\/djimn.com\/index.php\/wp-json\/wp\/v2\/pages\/2307\/revisions"}],"predecessor-version":[{"id":3139,"href":"https:\/\/djimn.com\/index.php\/wp-json\/wp\/v2\/pages\/2307\/revisions\/3139"}],"wp:attachment":[{"href":"https:\/\/djimn.com\/index.php\/wp-json\/wp\/v2\/media?parent=2307"}],"curies":[{"name":"wp","href":"https:\/\/api.w.org\/{rel}","templated":true}]}}